{"id":2907,"date":"2012-08-24T23:04:43","date_gmt":"2012-08-24T21:04:43","guid":{"rendered":"https:\/\/www.princess.ch\/blog\/?page_id=2907"},"modified":"2025-12-14T11:33:44","modified_gmt":"2025-12-14T10:33:44","slug":"about","status":"publish","type":"page","link":"https:\/\/www.princess.ch\/blog\/about\/","title":{"rendered":"\u00dcber Princess.ch"},"content":{"rendered":"<div class=\"wpb-content-wrapper\">[vc_row][vc_column][vc_column_text single_style=&#8220;&#8220; css=&#8220;&#8220;]\r\n<div class=\"wp-block-columns\">\r\n<div class=\"wp-block-column is-vertically-aligned-center is-layout-flow wp-block-column-is-layout-flow\" style=\"flex-basis: 30%;\">\r\n<div class=\"wp-block-image\">\r\n<figure class=\"aligncenter size-large\"><img decoding=\"async\" class=\"wp-image-28757\" src=\"https:\/\/www.princess.ch\/blog\/wp-content\/uploads\/2020\/01\/logo-princess-2020-e1579942805867.png\"  alt=\"\u00dcber Princess.ch\"  \/><\/figure>\r\n<\/div>\r\n<p><\/p>\r\n<\/div>\r\n\r\n\r\n\r\n<div class=\"wp-block-column is-vertically-aligned-top is-layout-flow wp-block-column-is-layout-flow\" style=\"flex-basis: 70%;\">\r\n<blockquote class=\"wp-block-quote is-layout-flow wp-block-quote-is-layout-flow\">\r\n<p>Seit 2009: Princess ist ein Food- und Reiseblog aus der Schweiz. Am liebsten kombiniere ich diese beiden Themen in meinen Beitr\u00e4gen!<\/p>\r\n<\/blockquote>\r\n<p><\/p>\r\n<\/div>\r\n<p><\/p>\r\n<\/div>\r\n<p><!-- \/wp:post-content -->\u00a0<\/p>\r\n<!-- wp:paragraph {\"fontSize\":\"medium\"} -->\r\n<p class=\"has-medium-font-size\"><strong>Herzlich willkommen hier auf Princess.ch. Sch\u00f6n, dass du da bist.<\/strong><\/p>\r\n<!-- \/wp:paragraph -->\r\n<p><!-- wp:paragraph -->Seit \u00fcber 15 Jahren geh\u00f6rt die Domain princess.ch Blog-Gr\u00fcnderin Nicole. Aufgewachsen im digitalen Zeitalter, war fr\u00fch klar, dass Nicole eine eigene Website haben wollte. Princess.ch diente anfangs vor allem als Spielweise f\u00fcr Webdesign-Basteleien &amp; startete als typische &#8222;Meine Freunde, meine Hobbys und ich&#8220;-Website mit blinkenden animierten Gifs. <strong>Seit 2009 bloggt Nicole unter princess.ch mit viel Leidenschaft \u00fcber ihre Lieblingsthemen<\/strong>. Anf\u00e4nglich noch als <a href=\"https:\/\/www.princess.ch\/blog\/category\/amerika-2009\/\">Reisetagebuch f\u00fcr die Daheimgebliebene Familie<\/a>, entwickelte sich dieser Blog immer mehr zum Reise- und Food-Blog f\u00fcr Rezepte, Restaurant-Tipps und Reiseberichte.<\/p>\r\n<!-- \/wp:paragraph -->\r\n<p><!-- wp:paragraph -->Nicht nur Frauen z\u00e4hlen sich zur Leserschaft, auch M\u00e4nner schauen immer wieder\u00a0auf dem Blog\u00a0vorbei.\u00a0Der Blog widmet sich den Hauptthemen Reisen und Food. Gerne nat\u00fcrlich auch in Kombination, denn Reisen werden oft nach Food Hotspots geplant. Ob neue Food-Trends, Restaurant-Tipps, Rezepte oder die sch\u00f6nsten Orte, alles findet Platz auf Princess.ch.<\/p>\r\n<!-- \/wp:paragraph -->\r\n<p><!-- wp:paragraph -->Anf\u00e4nglich als Hobby entwickelte sich der Blog hin zum Hauptberuf von Blog-Gr\u00fcnderin Nicole. Neben ihr schrieb bis 2019 auch ein freiwilliges Team an Co-Autoren hin und wieder f\u00fcr princess.ch.<\/p>\r\n<p><!-- \/wp:paragraph -->\u00a0<\/p>\r\n<!-- wp:media-text {\"mediaId\":18271,\"mediaType\":\"image\",\"mediaWidth\":38,\"imageFill\":false} -->\r\n<div class=\"wp-block-media-text alignwide is-stacked-on-mobile\" style=\"grid-template-columns: 38% auto;\">\r\n<figure class=\"wp-block-media-text__media\"><img decoding=\"async\" width=\"600\" height=\"600\" class=\"wp-image-18271\" src=\"https:\/\/www.princess.ch\/blog\/wp-content\/uploads\/2012\/08\/Nicole-Nobs-Princess-Portrait-blog_1x1.jpg\"  alt=\"\u00dcber Princess.ch\"  \/><\/figure>\r\n<div class=\"wp-block-media-text__content\"><!-- wp:paragraph {\"placeholder\":\"Inhalt\u2026\",\"fontSize\":\"large\"} -->\r\n<p class=\"has-large-font-size\"><strong><a href=\"https:\/\/www.princess.ch\/blog\/author\/nicole8213\/\">Nicole<\/a><\/strong><\/p>\r\n<!-- \/wp:paragraph -->\r\n<p><!-- wp:paragraph --><strong>Gr\u00fcnderin, Bloggerin &amp; Fotografin<\/strong><\/p>\r\n<!-- \/wp:paragraph -->\r\n<p><!-- wp:paragraph -->Sie ist ein Dorfkind in der Stadt, kauft gerne auf dem Wochenmarkt ein und mag Berge und die Natur. F\u00fcr St\u00e4dte und Food-Hotspots kann sie sich aber gleichermassen begeistern. Sie hat eine grosse Schw\u00e4che f\u00fcr S\u00fcsses und einen Popstar aus einer 90ies-Boyband. Kanada l\u00e4sst ihr Herz h\u00f6her schlagen, die <a href=\"https:\/\/www.princess.ch\/blog\/ausflugsziele-tipps-schweiz\/\">Schweiz<\/a> weiss sie aber genauso zu sch\u00e4tzen. Immer wieder zieht es sie auf Reisen durch Nah und Fern.<\/p>\r\n<!-- \/wp:paragraph -->\r\n<p><!-- wp:paragraph -->Nicole ist nach vielen Jahren im Marketing auf Kunden- und Agenturseite (Social Media) seit einiger Zeit als <a href=\"https:\/\/www.princess.ch\/portfolio\/\">Bloggerin, Content Creator &amp; Social Media Consultant selbst\u00e4ndig<\/a>.<\/p>\r\n<!-- \/wp:paragraph -->\r\n<p><!-- wp:shortcode --><br \/><div class=\"  uavc-icons \">\n<a class=\"aio-tooltip 69dfce9ca0387\" href=\"http:\/\/www.instagram.com\/princess_ch\" target=\"_blank\" rel=\"noopener\"  data-toggle=\"tooltip\" data-placement=\"\" title=\"\"><div class=\"aio-icon  \" data-animation=\"\" data-animation-delay=\"03\" style=\"font-size:32px;margin-right:5px;\">\n\t<i class=\"Defaults-instagram\"><\/i>\n<\/div><\/a>\n<a class=\"aio-tooltip 69dfce9ca0400\" href=\"http:\/\/pinterest.com\/princessch\" target=\"_blank\" rel=\"noopener\"  data-toggle=\"tooltip\" data-placement=\"\" title=\"\"><div class=\"aio-icon  \" data-animation=\"\" data-animation-delay=\"03\" style=\"font-size:32px;margin-right:5px;\">\n\t<i class=\"Defaults-pinterest\"><\/i>\n<\/div><\/a>\n<a class=\"aio-tooltip 69dfce9ca0423\" href=\"http:\/\/twitter.com\/princessCH\" target=\"_blank\" rel=\"noopener\"  data-toggle=\"tooltip\" data-placement=\"\" title=\"\"><div class=\"aio-icon  \" data-animation=\"\" data-animation-delay=\"03\" style=\"font-size:32px;margin-right:5px;\">\n\t<i class=\"Defaults-twitter\"><\/i>\n<\/div><\/a>\n<a class=\"aio-tooltip 69dfce9ca0442\" href=\"http:\/\/youtube.com\/c\/PrincessCh\" target=\"_blank\" rel=\"noopener\"  data-toggle=\"tooltip\" data-placement=\"\" title=\"\"><div class=\"aio-icon  \" data-animation=\"\" data-animation-delay=\"03\" style=\"font-size:32px;margin-right:5px;\">\n\t<i class=\"Defaults-youtube\"><\/i>\n<\/div><\/a>\n<a class=\"aio-tooltip 69dfce9ca045f\" href=\"https:\/\/www.linkedin.com\/in\/nicolenobs\/\" target=\"_blank\" rel=\"noopener\"  data-toggle=\"tooltip\" data-placement=\"\" title=\"\"><div class=\"aio-icon  \" data-animation=\"\" data-animation-delay=\"03\" style=\"font-size:32px;margin-right:5px;\">\n\t<i class=\"Defaults-linkedin\"><\/i>\n<\/div><\/a><\/div><!-- \/wp:shortcode --><\/p>\r\n<\/div>\r\n<\/div>\r\n<p><!-- \/wp:media-text -->\u00a0<\/p>\r\n<!-- wp:spacer {\"height\":20} -->\r\n<div class=\"wp-block-spacer\" style=\"height: 20px;\" aria-hidden=\"true\">\u00a0<\/div>\r\n<p><!-- \/wp:spacer -->\u00a0<\/p>\r\n<!-- wp:media-text {\"mediaId\":14099,\"mediaType\":\"image\",\"mediaWidth\":38} -->\r\n<div class=\"wp-block-media-text alignwide is-stacked-on-mobile\" style=\"grid-template-columns: 38% auto;\">\r\n<figure class=\"wp-block-media-text__media\"><img decoding=\"async\" width=\"1200\" height=\"1200\" class=\"wp-image-14099\" src=\"https:\/\/www.princess.ch\/blog\/wp-content\/uploads\/2012\/08\/Michel2-1-1200x1200.jpg\"  alt=\"\u00dcber Princess.ch\"  srcset=\"https:\/\/www.princess.ch\/blog\/wp-content\/uploads\/2012\/08\/Michel2-1-600x600@2x.jpg 1200w, https:\/\/www.princess.ch\/blog\/wp-content\/uploads\/2012\/08\/Michel2-1-732x732.jpg 732w, https:\/\/www.princess.ch\/blog\/wp-content\/uploads\/2012\/08\/Michel2-1-600x600.jpg 600w, https:\/\/www.princess.ch\/blog\/wp-content\/uploads\/2012\/08\/Michel2-1-940x940.jpg 940w, https:\/\/www.princess.ch\/blog\/wp-content\/uploads\/2012\/08\/Michel2-1.jpg 1632w, https:\/\/www.princess.ch\/blog\/wp-content\/uploads\/2012\/08\/Michel2-1-732x732@2x.jpg 1464w\" sizes=\"(max-width: 1200px) 100vw, 1200px\" \/><\/figure>\r\n<div class=\"wp-block-media-text__content\"><!-- wp:paragraph {\"placeholder\":\"Inhalt\u2026\",\"fontSize\":\"large\"} -->\r\n<p class=\"has-large-font-size\"><strong>Michel<\/strong><\/p>\r\n<!-- \/wp:paragraph -->\r\n<p><!-- wp:paragraph --><strong>Webmaster, Travel-Partner<\/strong><\/p>\r\n<!-- \/wp:paragraph -->\r\n<p><!-- wp:paragraph -->Michel ist als Webmaster f\u00fcrs Technische von Princess zust\u00e4ndig. Zusammen mit Nicole unternimmt er gerne Reisen durch die Welt, vorzugsweise ins grosse westliche Land. Auf ihren Abenteuern entdecken die beiden gerne neue Food-Trends und Hot Spots. Als Hobby-Fotograf werden Reisen bei Michel auch oft nach Foto-Hot Spots und dem idealen Sonnenstand geplant. Michel arbeitet hauptberuflich als Online Marketing Manager auf Kundenseite im B2B-Bereich.<\/p>\r\n<!-- \/wp:paragraph -->\r\n<p><!-- wp:shortcode --><br \/><div class=\"  uavc-icons \">\n<a class=\"aio-tooltip 69dfce9ca04cc\" href=\"https:\/\/www.instagram.com\/mike_zh\" target=\"_blank\" rel=\"noopener\"  data-toggle=\"tooltip\" data-placement=\"\" title=\"\"><div class=\"aio-icon  \" data-animation=\"\" data-animation-delay=\"03\" style=\"font-size:32px;margin-right:2px;\">\n\t<i class=\"Defaults-instagram\"><\/i>\n<\/div><\/a>\n<a class=\"aio-tooltip 69dfce9ca04eb\" href=\"https:\/\/twitter.com\/mike_zh\" target=\"_blank\" rel=\"noopener\"  data-toggle=\"tooltip\" data-placement=\"\" title=\"\"><div class=\"aio-icon  \" data-animation=\"\" data-animation-delay=\"03\" style=\"font-size:32px;margin-right:2px;\">\n\t<i class=\"Defaults-twitter\"><\/i>\n<\/div><\/a>\n<a class=\"aio-tooltip 69dfce9ca0508\" href=\"https:\/\/www.linkedin.com\/in\/michel-werner-9b960013\/\" target=\"_blank\" rel=\"noopener\"  data-toggle=\"tooltip\" data-placement=\"\" title=\"\"><div class=\"aio-icon  \" data-animation=\"\" data-animation-delay=\"03\" style=\"font-size:32px;margin-right:5px;\">\n\t<i class=\"Defaults-linkedin\"><\/i>\n<\/div><\/a><\/div><!-- \/wp:shortcode --><\/p>\r\n<\/div>\r\n<\/div>\r\n<!-- \/wp:media-text -->\r\n<p><!-- wp:paragraph -->Nicole taucht hin und wieder auch in Beitr\u00e4gen von anderen Medien auf oder sie schreibt selbst f\u00fcr andere Unternehmens- und Themen-Blogs. Hier ein Auszug der Publikationen:<\/p>\r\n<p><!-- \/wp:paragraph -->\u00a0<\/p>\r\n<!-- wp:list -->\r\n<ul>\r\n<li>Nicole schreibt &amp; fotografiert f\u00fcr das Magazin Activ &amp; Live (<a href=\"https:\/\/www.princess.ch\/portfolio\/wp-content\/uploads\/2023\/11\/4_Wassermelonen-Feta-Salat.pdf\" target=\"_blank\" rel=\"noopener\">Rubrik Essen &amp; Trinken<\/a>), 2023 &#8211; 2026<\/li>\r\n<li>Blog StadtLand von Swissmilk: <a href=\"https:\/\/stadtland.swissmilk.ch\/de\/wer-bloggt-hier\/nicole-nobs\/\" target=\"_blank\" rel=\"noreferrer noopener\" aria-label=\"Gastautorin und Food-Scout (opens in a new tab)\">Gastautorin und Food-Scout<\/a>, 2017-2019<\/li>\r\n<li>Magazin Fine to Dine: <a href=\"https:\/\/www.princess.ch\/blog\/wp-content\/uploads\/2020\/02\/Magazin_FinetoDine_Princess_NicoleNobs.pdf\" target=\"_blank\" rel=\"noreferrer noopener\" aria-label=\"Blog-Empfehlung (opens in a new tab)\">Blog-Empfehlung<\/a> (pdf), 2018<\/li>\r\n<li>Magazin Gala Schweiz: Feature im Artikel &#8222;<a href=\"https:\/\/www.princess.ch\/blog\/wp-content\/uploads\/2020\/02\/GalaSchweiz_Princess_NicoleNobs-Reisetipps.pdf\" target=\"_blank\" rel=\"noreferrer noopener\" aria-label=\"So verreisen die VIPs (opens in a new tab)\">So verreisen die VIPs<\/a>&#8220; (pdf), 2018<\/li>\r\n<li>Blog Patotra: <a href=\"http:\/\/www.patotra.com\/schoenste-wintererlebnisse-schweiz\/\" target=\"_blank\" rel=\"noreferrer noopener\" aria-label=\"6 Reiseblogger und ihre sch\u00f6nsten Wintererlebnisse in der Schweiz (opens in a new tab)\">6 Reiseblogger und ihre sch\u00f6nsten Wintererlebnisse in der Schweiz<\/a>, 2018<\/li>\r\n<li>Magazin Women in Business: Feature im Artikel &#8222;<a href=\"https:\/\/www.princess.ch\/blog\/wp-content\/uploads\/2020\/02\/princess_women_in_business_april_2016.pdf\" target=\"_blank\" rel=\"noreferrer noopener\" aria-label=\"Blogs, Big im Business? (opens in a new tab)\">Blogs, Big im Business?<\/a>&#8220; (pdf), 2016<\/li>\r\n<li>Blog Boalingua: <a href=\"https:\/\/www.boalingua.ch\/de\/blog\/ostkuesten-vergleich-toronto-boston-new-york\/\" target=\"_blank\" rel=\"noreferrer noopener\">Gastautorin<\/a> Amerika-Ostk\u00fcstenvergleich, 2016<\/li>\r\n<li>Blog Foodwerk: <a href=\"https:\/\/www.foodwerk.ch\/schweizer-foodblogs\/\" target=\"_blank\" rel=\"noreferrer noopener\" aria-label=\"10 Schweizer Foodblogs (opens in a new tab)\">10 Schweizer Foodblogs<\/a>, 2016<\/li>\r\n<li>Nicole als Gesicht der <a href=\"https:\/\/www.princess.ch\/blog\/ein-projekt-mit-der-sbb-shooting-behinde-the-scenes\/\" target=\"_blank\" rel=\"noopener\">SBB Europakamapgne<\/a> auf Plakaten und Werbemitteln<\/li>\r\n<li>Blog SBB: <a href=\"https:\/\/www.princess.ch\/blog\/wp-content\/uploads\/2020\/02\/SBB-Blog-Dijon_Princess-NicoleNobs.pdf\" target=\"_blank\" rel=\"noreferrer noopener\" aria-label=\"Gastbeitr\u00e4ge (opens in a new tab)\">Gastbeitr\u00e4ge<\/a> (pdf) im Rahmen der Kooperation zur <a href=\"https:\/\/www.princess.ch\/blog\/ein-projekt-mit-der-sbb-shooting-behinde-the-scenes\/\">Europa-Kampagne<\/a>, 2016<\/li>\r\n<li>Blog B\u00e4rner Meitschi: <a href=\"https:\/\/baerner-meitschi.ch\/lieblings-blogs\/\" target=\"_blank\" rel=\"noreferrer noopener\" aria-label=\"Lieblingsblogs (opens in a new tab)\">Lieblingsblogs<\/a>, 2014<\/li>\r\n<\/ul>\r\n<p><!-- \/wp:list -->\u00a0<\/p>\r\n[\/vc_column_text][\/vc_column][\/vc_row]<\/div>","protected":false},"excerpt":{"rendered":"<p>[vc_row][vc_column][vc_column_text single_style=&#8220;&#8220; css=&#8220;&#8220;] Seit 2009: Princess ist ein Food- und Reiseblog aus der Schweiz. Am liebsten kombiniere ich diese beiden Themen in meinen Beitr\u00e4gen! \u00a0 Herzlich willkommen hier auf Princess.ch. Sch\u00f6n, dass du da bist. Seit \u00fcber 15 Jahren geh\u00f6rt die Domain princess.ch Blog-Gr\u00fcnderin Nicole. Aufgewachsen im digitalen Zeitalter, war fr\u00fch klar, dass Nicole eine<\/p>\n","protected":false},"author":1,"featured_media":20561,"parent":0,"menu_order":0,"comment_status":"closed","ping_status":"open","template":"page-blocks.php","meta":{"wprm-recipe-roundup-name":"","wprm-recipe-roundup-description":"","footnotes":""},"class_list":["post-2907","page","type-page","status-publish","has-post-thumbnail"],"yoast_head":"<!-- This site is optimized with the Yoast SEO plugin v27.2 - https:\/\/yoast.com\/product\/yoast-seo-wordpress\/ -->\n<title>Selbst\u00e4ndige Blogger &amp; Content Creator in der Schweiz | Princess.ch<\/title>\n<meta name=\"robots\" content=\"index, follow, max-snippet:-1, max-image-preview:large, max-video-preview:-1\" \/>\n<link rel=\"canonical\" href=\"https:\/\/www.princess.ch\/blog\/about\/\" \/>\n<meta property=\"og:locale\" content=\"de_DE\" \/>\n<meta property=\"og:type\" content=\"article\" \/>\n<meta property=\"og:title\" content=\"Selbst\u00e4ndige Blogger &amp; Content Creator in der Schweiz | Princess.ch\" \/>\n<meta property=\"og:description\" content=\"[vc_row][vc_column][vc_column_text single_style=&#8220;&#8220; css=&#8220;&#8220;] Seit 2009: Princess ist ein Food- und Reiseblog aus der Schweiz. Am liebsten kombiniere ich diese beiden Themen in meinen Beitr\u00e4gen! \u00a0 Herzlich willkommen hier auf Princess.ch. Sch\u00f6n, dass du da bist. Seit \u00fcber 15 Jahren geh\u00f6rt die Domain princess.ch Blog-Gr\u00fcnderin Nicole. Aufgewachsen im digitalen Zeitalter, war fr\u00fch klar, dass Nicole eine\" \/>\n<meta property=\"og:url\" content=\"https:\/\/www.princess.ch\/blog\/about\/\" \/>\n<meta property=\"og:site_name\" content=\"Reiseblog &amp; Food-Blog aus der Schweiz - princess.ch\" \/>\n<meta property=\"article:publisher\" content=\"http:\/\/facebook.com\/princess.schweiz\" \/>\n<meta property=\"article:modified_time\" content=\"2025-12-14T10:33:44+00:00\" \/>\n<meta property=\"og:image\" content=\"https:\/\/www.princess.ch\/blog\/wp-content\/uploads\/2018\/09\/Kanada-Roadtrip-British-Columbia-28.jpg\" \/>\n\t<meta property=\"og:image:width\" content=\"2600\" \/>\n\t<meta property=\"og:image:height\" content=\"1733\" \/>\n\t<meta property=\"og:image:type\" content=\"image\/jpeg\" \/>\n<meta name=\"twitter:card\" content=\"summary_large_image\" \/>\n<meta name=\"twitter:site\" content=\"@princessCH\" \/>\n<meta name=\"twitter:label1\" content=\"Gesch\u00e4tzte Lesezeit\" \/>\n\t<meta name=\"twitter:data1\" content=\"4\u00a0Minuten\" \/>\n<script type=\"application\/ld+json\" class=\"yoast-schema-graph\">{\"@context\":\"https:\/\/schema.org\",\"@graph\":[{\"@type\":\"WebPage\",\"@id\":\"https:\/\/www.princess.ch\/blog\/about\/\",\"url\":\"https:\/\/www.princess.ch\/blog\/about\/\",\"name\":\"Selbst\u00e4ndige Blogger & Content Creator in der Schweiz | Princess.ch\",\"isPartOf\":{\"@id\":\"https:\/\/www.princess.ch\/blog\/#website\"},\"primaryImageOfPage\":{\"@id\":\"https:\/\/www.princess.ch\/blog\/about\/#primaryimage\"},\"image\":{\"@id\":\"https:\/\/www.princess.ch\/blog\/about\/#primaryimage\"},\"thumbnailUrl\":\"https:\/\/www.princess.ch\/blog\/wp-content\/uploads\/2018\/09\/Kanada-Roadtrip-British-Columbia-28.jpg\",\"datePublished\":\"2012-08-24T21:04:43+00:00\",\"dateModified\":\"2025-12-14T10:33:44+00:00\",\"breadcrumb\":{\"@id\":\"https:\/\/www.princess.ch\/blog\/about\/#breadcrumb\"},\"inLanguage\":\"de\",\"potentialAction\":[{\"@type\":\"ReadAction\",\"target\":[\"https:\/\/www.princess.ch\/blog\/about\/\"]}]},{\"@type\":\"ImageObject\",\"inLanguage\":\"de\",\"@id\":\"https:\/\/www.princess.ch\/blog\/about\/#primaryimage\",\"url\":\"https:\/\/www.princess.ch\/blog\/wp-content\/uploads\/2018\/09\/Kanada-Roadtrip-British-Columbia-28.jpg\",\"contentUrl\":\"https:\/\/www.princess.ch\/blog\/wp-content\/uploads\/2018\/09\/Kanada-Roadtrip-British-Columbia-28.jpg\",\"width\":2600,\"height\":1733},{\"@type\":\"BreadcrumbList\",\"@id\":\"https:\/\/www.princess.ch\/blog\/about\/#breadcrumb\",\"itemListElement\":[{\"@type\":\"ListItem\",\"position\":1,\"name\":\"Startseite\",\"item\":\"https:\/\/www.princess.ch\/blog\/\"},{\"@type\":\"ListItem\",\"position\":2,\"name\":\"\u00dcber Princess.ch\"}]},{\"@type\":\"WebSite\",\"@id\":\"https:\/\/www.princess.ch\/blog\/#website\",\"url\":\"https:\/\/www.princess.ch\/blog\/\",\"name\":\"Reiseblog &amp; Food-Blog aus der Schweiz - princess.ch\",\"description\":\"\",\"publisher\":{\"@id\":\"https:\/\/www.princess.ch\/blog\/#organization\"},\"potentialAction\":[{\"@type\":\"SearchAction\",\"target\":{\"@type\":\"EntryPoint\",\"urlTemplate\":\"https:\/\/www.princess.ch\/blog\/?s={search_term_string}\"},\"query-input\":{\"@type\":\"PropertyValueSpecification\",\"valueRequired\":true,\"valueName\":\"search_term_string\"}}],\"inLanguage\":\"de\"},{\"@type\":\"Organization\",\"@id\":\"https:\/\/www.princess.ch\/blog\/#organization\",\"name\":\"princess.ch\",\"url\":\"https:\/\/www.princess.ch\/blog\/\",\"logo\":{\"@type\":\"ImageObject\",\"inLanguage\":\"de\",\"@id\":\"https:\/\/www.princess.ch\/blog\/#\/schema\/logo\/image\/\",\"url\":\"https:\/\/www.princess.ch\/blog\/wp-content\/uploads\/2017\/03\/Blog_logo_PRINCESS_v3.png\",\"contentUrl\":\"https:\/\/www.princess.ch\/blog\/wp-content\/uploads\/2017\/03\/Blog_logo_PRINCESS_v3.png\",\"width\":526,\"height\":250,\"caption\":\"princess.ch\"},\"image\":{\"@id\":\"https:\/\/www.princess.ch\/blog\/#\/schema\/logo\/image\/\"},\"sameAs\":[\"http:\/\/facebook.com\/princess.schweiz\",\"https:\/\/x.com\/princessCH\",\"https:\/\/www.instagram.com\/princess_ch\/\",\"https:\/\/www.pinterest.com\/princessch\/\",\"https:\/\/www.youtube.com\/c\/PrincessCh\"]}]}<\/script>\n<!-- \/ Yoast SEO plugin. -->","yoast_head_json":{"title":"Selbst\u00e4ndige Blogger & Content Creator in der Schweiz | Princess.ch","robots":{"index":"index","follow":"follow","max-snippet":"max-snippet:-1","max-image-preview":"max-image-preview:large","max-video-preview":"max-video-preview:-1"},"canonical":"https:\/\/www.princess.ch\/blog\/about\/","og_locale":"de_DE","og_type":"article","og_title":"Selbst\u00e4ndige Blogger & Content Creator in der Schweiz | Princess.ch","og_description":"[vc_row][vc_column][vc_column_text single_style=&#8220;&#8220; css=&#8220;&#8220;] Seit 2009: Princess ist ein Food- und Reiseblog aus der Schweiz. Am liebsten kombiniere ich diese beiden Themen in meinen Beitr\u00e4gen! \u00a0 Herzlich willkommen hier auf Princess.ch. Sch\u00f6n, dass du da bist. Seit \u00fcber 15 Jahren geh\u00f6rt die Domain princess.ch Blog-Gr\u00fcnderin Nicole. Aufgewachsen im digitalen Zeitalter, war fr\u00fch klar, dass Nicole eine","og_url":"https:\/\/www.princess.ch\/blog\/about\/","og_site_name":"Reiseblog &amp; Food-Blog aus der Schweiz - princess.ch","article_publisher":"http:\/\/facebook.com\/princess.schweiz","article_modified_time":"2025-12-14T10:33:44+00:00","og_image":[{"width":2600,"height":1733,"url":"https:\/\/www.princess.ch\/blog\/wp-content\/uploads\/2018\/09\/Kanada-Roadtrip-British-Columbia-28.jpg","type":"image\/jpeg"}],"twitter_card":"summary_large_image","twitter_site":"@princessCH","twitter_misc":{"Gesch\u00e4tzte Lesezeit":"4\u00a0Minuten"},"schema":{"@context":"https:\/\/schema.org","@graph":[{"@type":"WebPage","@id":"https:\/\/www.princess.ch\/blog\/about\/","url":"https:\/\/www.princess.ch\/blog\/about\/","name":"Selbst\u00e4ndige Blogger & Content Creator in der Schweiz | Princess.ch","isPartOf":{"@id":"https:\/\/www.princess.ch\/blog\/#website"},"primaryImageOfPage":{"@id":"https:\/\/www.princess.ch\/blog\/about\/#primaryimage"},"image":{"@id":"https:\/\/www.princess.ch\/blog\/about\/#primaryimage"},"thumbnailUrl":"https:\/\/www.princess.ch\/blog\/wp-content\/uploads\/2018\/09\/Kanada-Roadtrip-British-Columbia-28.jpg","datePublished":"2012-08-24T21:04:43+00:00","dateModified":"2025-12-14T10:33:44+00:00","breadcrumb":{"@id":"https:\/\/www.princess.ch\/blog\/about\/#breadcrumb"},"inLanguage":"de","potentialAction":[{"@type":"ReadAction","target":["https:\/\/www.princess.ch\/blog\/about\/"]}]},{"@type":"ImageObject","inLanguage":"de","@id":"https:\/\/www.princess.ch\/blog\/about\/#primaryimage","url":"https:\/\/www.princess.ch\/blog\/wp-content\/uploads\/2018\/09\/Kanada-Roadtrip-British-Columbia-28.jpg","contentUrl":"https:\/\/www.princess.ch\/blog\/wp-content\/uploads\/2018\/09\/Kanada-Roadtrip-British-Columbia-28.jpg","width":2600,"height":1733},{"@type":"BreadcrumbList","@id":"https:\/\/www.princess.ch\/blog\/about\/#breadcrumb","itemListElement":[{"@type":"ListItem","position":1,"name":"Startseite","item":"https:\/\/www.princess.ch\/blog\/"},{"@type":"ListItem","position":2,"name":"\u00dcber Princess.ch"}]},{"@type":"WebSite","@id":"https:\/\/www.princess.ch\/blog\/#website","url":"https:\/\/www.princess.ch\/blog\/","name":"Reiseblog &amp; Food-Blog aus der Schweiz - princess.ch","description":"","publisher":{"@id":"https:\/\/www.princess.ch\/blog\/#organization"},"potentialAction":[{"@type":"SearchAction","target":{"@type":"EntryPoint","urlTemplate":"https:\/\/www.princess.ch\/blog\/?s={search_term_string}"},"query-input":{"@type":"PropertyValueSpecification","valueRequired":true,"valueName":"search_term_string"}}],"inLanguage":"de"},{"@type":"Organization","@id":"https:\/\/www.princess.ch\/blog\/#organization","name":"princess.ch","url":"https:\/\/www.princess.ch\/blog\/","logo":{"@type":"ImageObject","inLanguage":"de","@id":"https:\/\/www.princess.ch\/blog\/#\/schema\/logo\/image\/","url":"https:\/\/www.princess.ch\/blog\/wp-content\/uploads\/2017\/03\/Blog_logo_PRINCESS_v3.png","contentUrl":"https:\/\/www.princess.ch\/blog\/wp-content\/uploads\/2017\/03\/Blog_logo_PRINCESS_v3.png","width":526,"height":250,"caption":"princess.ch"},"image":{"@id":"https:\/\/www.princess.ch\/blog\/#\/schema\/logo\/image\/"},"sameAs":["http:\/\/facebook.com\/princess.schweiz","https:\/\/x.com\/princessCH","https:\/\/www.instagram.com\/princess_ch\/","https:\/\/www.pinterest.com\/princessch\/","https:\/\/www.youtube.com\/c\/PrincessCh"]}]}},"jetpack_sharing_enabled":false,"jetpack_shortlink":"https:\/\/wp.me\/P2Cb1a-KT","_links":{"self":[{"href":"https:\/\/www.princess.ch\/blog\/wp-json\/wp\/v2\/pages\/2907","targetHints":{"allow":["GET"]}}],"collection":[{"href":"https:\/\/www.princess.ch\/blog\/wp-json\/wp\/v2\/pages"}],"about":[{"href":"https:\/\/www.princess.ch\/blog\/wp-json\/wp\/v2\/types\/page"}],"author":[{"embeddable":true,"href":"https:\/\/www.princess.ch\/blog\/wp-json\/wp\/v2\/users\/1"}],"replies":[{"embeddable":true,"href":"https:\/\/www.princess.ch\/blog\/wp-json\/wp\/v2\/comments?post=2907"}],"version-history":[{"count":60,"href":"https:\/\/www.princess.ch\/blog\/wp-json\/wp\/v2\/pages\/2907\/revisions"}],"predecessor-version":[{"id":44903,"href":"https:\/\/www.princess.ch\/blog\/wp-json\/wp\/v2\/pages\/2907\/revisions\/44903"}],"wp:featuredmedia":[{"embeddable":true,"href":"https:\/\/www.princess.ch\/blog\/wp-json\/wp\/v2\/media\/20561"}],"wp:attachment":[{"href":"https:\/\/www.princess.ch\/blog\/wp-json\/wp\/v2\/media?parent=2907"}],"curies":[{"name":"wp","href":"https:\/\/api.w.org\/{rel}","templated":true}]}}