{"id":1569,"date":"2012-03-11T14:13:44","date_gmt":"2012-03-11T13:13:44","guid":{"rendered":"https:\/\/www.princess.ch\/blog\/?page_id=1569"},"modified":"2020-01-25T16:12:56","modified_gmt":"2020-01-25T15:12:56","slug":"impressum","status":"publish","type":"page","link":"https:\/\/www.princess.ch\/blog\/impressum\/","title":{"rendered":"Impressum"},"content":{"rendered":"<p>Verantwortlich f\u00fcr die hier publizierten Inhalte (mit ausdr\u00fccklicher Ausnahme der Kommentare) ist, wenn nicht anders erw\u00e4hnt:<\/p>\n<p>Nicole Nobs<br \/>\nSt. Gallerstrasse 42a<br \/>\n8400 Winterthur<br \/>\ninfo at princess.ch<\/p>\n<p><strong>Bitte senden Sie keine Pakete ohne Voranmeldung an diese Adressen!<\/strong><\/p>\n<h3>Haftungsausschluss<\/h3>\n<p>Der Autor \u00fcbernimmt keinerlei Gew\u00e4hr hinsichtlich der inhaltlichen Richtigkeit, Genauigkeit, Aktualit\u00e4t, Zuverl\u00e4ssigkeit und Vollst\u00e4ndigkeit der Informationen.<\/p>\n<p>Haftungsanspr\u00fcche gegen den Autor wegen Sch\u00e4den materieller oder immaterieller Art, welche aus dem Zugriff oder der Nutzung bzw. Nichtnutzung der ver\u00f6ffentlichten Informationen, durch Missbrauch der Verbindung oder durch technische St\u00f6rungen entstanden sind, werden ausgeschlossen.<\/p>\n<p>Alle Angebote sind unverbindlich. Der Autor beh\u00e4lt es sich ausdr\u00fccklich vor, Teile der Seiten oder das gesamte Angebot ohne gesonderte Ank\u00fcndigung zu ver\u00e4ndern, zu erg\u00e4nzen, zu l\u00f6schen oder die Ver\u00f6ffentlichung zeitweise oder endg\u00fcltig einzustellen.<\/p>\n<h3>Haftung f\u00fcr Links<\/h3>\n<p>Verweise und Links auf Webseiten Dritter liegen ausserhalb unseres Verantwortungsbereichs Es wird jegliche Verantwortung f\u00fcr solche Webseiten abgelehnt. Der Zugriff und die Nutzung solcher Webseiten erfolgen auf eigene Gefahr des Nutzers oder der Nutzerin.<\/p>\n<h3>Urheberrechte<\/h3>\n<p>Die Urheber- und alle anderen Rechte an Inhalten, Bildern, Fotos oder anderen Dateien auf der Website geh\u00f6ren ausschliesslich <strong>Nicole Nobs<\/strong> oder den speziell genannten Rechtsinhabern. F\u00fcr die Reproduktion jeglicher Elemente ist die schriftliche Zustimmung der Urheberrechtstr\u00e4ger im Voraus einzuholen.<\/p>\n<h3>Datenschutzerkl\u00e4rung<\/h3>\n<p>Die Datenschutzerkl\u00e4rung findet sich <a href=\"https:\/\/www.princess.ch\/blog\/datenschutzerklaerung\/\">hier<\/a>.<\/p>\n","protected":false},"excerpt":{"rendered":"<p>Verantwortlich f\u00fcr die hier publizierten Inhalte (mit ausdr\u00fccklicher Ausnahme der Kommentare) ist, wenn nicht anders erw\u00e4hnt: Nicole Nobs St. Gallerstrasse 42a 8400 Winterthur info at princess.ch Bitte senden Sie keine Pakete ohne Voranmeldung an diese Adressen! Haftungsausschluss Der Autor \u00fcbernimmt keinerlei Gew\u00e4hr hinsichtlich der inhaltlichen Richtigkeit, Genauigkeit, Aktualit\u00e4t, Zuverl\u00e4ssigkeit und Vollst\u00e4ndigkeit der Informationen. Haftungsanspr\u00fcche gegen<\/p>\n","protected":false},"author":1,"featured_media":20561,"parent":0,"menu_order":0,"comment_status":"closed","ping_status":"open","template":"","meta":{"wprm-recipe-roundup-name":"","wprm-recipe-roundup-description":"","footnotes":""},"class_list":["post-1569","page","type-page","status-publish","has-post-thumbnail"],"yoast_head":"<!-- This site is optimized with the Yoast SEO plugin v27.4 - https:\/\/yoast.com\/product\/yoast-seo-wordpress\/ -->\n<title>Impressum - Reiseblog &amp; Food-Blog aus der Schweiz - princess.ch<\/title>\n<meta name=\"robots\" content=\"index, follow, max-snippet:-1, max-image-preview:large, max-video-preview:-1\" \/>\n<link rel=\"canonical\" href=\"https:\/\/www.princess.ch\/blog\/impressum\/\" \/>\n<meta property=\"og:locale\" content=\"de_DE\" \/>\n<meta property=\"og:type\" content=\"article\" \/>\n<meta property=\"og:title\" content=\"Impressum - Reiseblog &amp; Food-Blog aus der Schweiz - princess.ch\" \/>\n<meta property=\"og:description\" content=\"Verantwortlich f\u00fcr die hier publizierten Inhalte (mit ausdr\u00fccklicher Ausnahme der Kommentare) ist, wenn nicht anders erw\u00e4hnt: Nicole Nobs St. Gallerstrasse 42a 8400 Winterthur info at princess.ch Bitte senden Sie keine Pakete ohne Voranmeldung an diese Adressen! Haftungsausschluss Der Autor \u00fcbernimmt keinerlei Gew\u00e4hr hinsichtlich der inhaltlichen Richtigkeit, Genauigkeit, Aktualit\u00e4t, Zuverl\u00e4ssigkeit und Vollst\u00e4ndigkeit der Informationen. Haftungsanspr\u00fcche gegen\" \/>\n<meta property=\"og:url\" content=\"https:\/\/www.princess.ch\/blog\/impressum\/\" \/>\n<meta property=\"og:site_name\" content=\"Reiseblog &amp; Food-Blog aus der Schweiz - princess.ch\" \/>\n<meta property=\"article:publisher\" content=\"http:\/\/facebook.com\/princess.schweiz\" \/>\n<meta property=\"article:modified_time\" content=\"2020-01-25T15:12:56+00:00\" \/>\n<meta property=\"og:image\" content=\"https:\/\/www.princess.ch\/blog\/wp-content\/uploads\/2018\/09\/Kanada-Roadtrip-British-Columbia-28.jpg\" \/>\n\t<meta property=\"og:image:width\" content=\"2600\" \/>\n\t<meta property=\"og:image:height\" content=\"1733\" \/>\n\t<meta property=\"og:image:type\" content=\"image\/jpeg\" \/>\n<meta name=\"twitter:card\" content=\"summary_large_image\" \/>\n<meta name=\"twitter:site\" content=\"@princessCH\" \/>\n<meta name=\"twitter:label1\" content=\"Gesch\u00e4tzte Lesezeit\" \/>\n\t<meta name=\"twitter:data1\" content=\"1\u00a0Minute\" \/>\n<script type=\"application\/ld+json\" class=\"yoast-schema-graph\">{\"@context\":\"https:\\\/\\\/schema.org\",\"@graph\":[{\"@type\":\"WebPage\",\"@id\":\"https:\\\/\\\/www.princess.ch\\\/blog\\\/impressum\\\/\",\"url\":\"https:\\\/\\\/www.princess.ch\\\/blog\\\/impressum\\\/\",\"name\":\"Impressum - Reiseblog &amp; Food-Blog aus der Schweiz - princess.ch\",\"isPartOf\":{\"@id\":\"https:\\\/\\\/www.princess.ch\\\/blog\\\/#website\"},\"primaryImageOfPage\":{\"@id\":\"https:\\\/\\\/www.princess.ch\\\/blog\\\/impressum\\\/#primaryimage\"},\"image\":{\"@id\":\"https:\\\/\\\/www.princess.ch\\\/blog\\\/impressum\\\/#primaryimage\"},\"thumbnailUrl\":\"https:\\\/\\\/www.princess.ch\\\/blog\\\/wp-content\\\/uploads\\\/2018\\\/09\\\/Kanada-Roadtrip-British-Columbia-28.jpg\",\"datePublished\":\"2012-03-11T13:13:44+00:00\",\"dateModified\":\"2020-01-25T15:12:56+00:00\",\"breadcrumb\":{\"@id\":\"https:\\\/\\\/www.princess.ch\\\/blog\\\/impressum\\\/#breadcrumb\"},\"inLanguage\":\"de\",\"potentialAction\":[{\"@type\":\"ReadAction\",\"target\":[\"https:\\\/\\\/www.princess.ch\\\/blog\\\/impressum\\\/\"]}]},{\"@type\":\"ImageObject\",\"inLanguage\":\"de\",\"@id\":\"https:\\\/\\\/www.princess.ch\\\/blog\\\/impressum\\\/#primaryimage\",\"url\":\"https:\\\/\\\/www.princess.ch\\\/blog\\\/wp-content\\\/uploads\\\/2018\\\/09\\\/Kanada-Roadtrip-British-Columbia-28.jpg\",\"contentUrl\":\"https:\\\/\\\/www.princess.ch\\\/blog\\\/wp-content\\\/uploads\\\/2018\\\/09\\\/Kanada-Roadtrip-British-Columbia-28.jpg\",\"width\":2600,\"height\":1733},{\"@type\":\"BreadcrumbList\",\"@id\":\"https:\\\/\\\/www.princess.ch\\\/blog\\\/impressum\\\/#breadcrumb\",\"itemListElement\":[{\"@type\":\"ListItem\",\"position\":1,\"name\":\"Startseite\",\"item\":\"https:\\\/\\\/www.princess.ch\\\/blog\\\/\"},{\"@type\":\"ListItem\",\"position\":2,\"name\":\"Impressum\"}]},{\"@type\":\"WebSite\",\"@id\":\"https:\\\/\\\/www.princess.ch\\\/blog\\\/#website\",\"url\":\"https:\\\/\\\/www.princess.ch\\\/blog\\\/\",\"name\":\"Reiseblog &amp; Food-Blog aus der Schweiz - princess.ch\",\"description\":\"\",\"publisher\":{\"@id\":\"https:\\\/\\\/www.princess.ch\\\/blog\\\/#organization\"},\"potentialAction\":[{\"@type\":\"SearchAction\",\"target\":{\"@type\":\"EntryPoint\",\"urlTemplate\":\"https:\\\/\\\/www.princess.ch\\\/blog\\\/?s={search_term_string}\"},\"query-input\":{\"@type\":\"PropertyValueSpecification\",\"valueRequired\":true,\"valueName\":\"search_term_string\"}}],\"inLanguage\":\"de\"},{\"@type\":\"Organization\",\"@id\":\"https:\\\/\\\/www.princess.ch\\\/blog\\\/#organization\",\"name\":\"princess.ch\",\"url\":\"https:\\\/\\\/www.princess.ch\\\/blog\\\/\",\"logo\":{\"@type\":\"ImageObject\",\"inLanguage\":\"de\",\"@id\":\"https:\\\/\\\/www.princess.ch\\\/blog\\\/#\\\/schema\\\/logo\\\/image\\\/\",\"url\":\"https:\\\/\\\/www.princess.ch\\\/blog\\\/wp-content\\\/uploads\\\/2017\\\/03\\\/Blog_logo_PRINCESS_v3.png\",\"contentUrl\":\"https:\\\/\\\/www.princess.ch\\\/blog\\\/wp-content\\\/uploads\\\/2017\\\/03\\\/Blog_logo_PRINCESS_v3.png\",\"width\":526,\"height\":250,\"caption\":\"princess.ch\"},\"image\":{\"@id\":\"https:\\\/\\\/www.princess.ch\\\/blog\\\/#\\\/schema\\\/logo\\\/image\\\/\"},\"sameAs\":[\"http:\\\/\\\/facebook.com\\\/princess.schweiz\",\"https:\\\/\\\/x.com\\\/princessCH\",\"https:\\\/\\\/www.instagram.com\\\/princess_ch\\\/\",\"https:\\\/\\\/www.pinterest.com\\\/princessch\\\/\",\"https:\\\/\\\/www.youtube.com\\\/c\\\/PrincessCh\"]}]}<\/script>\n<!-- \/ Yoast SEO plugin. -->","yoast_head_json":{"title":"Impressum - Reiseblog &amp; Food-Blog aus der Schweiz - princess.ch","robots":{"index":"index","follow":"follow","max-snippet":"max-snippet:-1","max-image-preview":"max-image-preview:large","max-video-preview":"max-video-preview:-1"},"canonical":"https:\/\/www.princess.ch\/blog\/impressum\/","og_locale":"de_DE","og_type":"article","og_title":"Impressum - Reiseblog &amp; Food-Blog aus der Schweiz - princess.ch","og_description":"Verantwortlich f\u00fcr die hier publizierten Inhalte (mit ausdr\u00fccklicher Ausnahme der Kommentare) ist, wenn nicht anders erw\u00e4hnt: Nicole Nobs St. Gallerstrasse 42a 8400 Winterthur info at princess.ch Bitte senden Sie keine Pakete ohne Voranmeldung an diese Adressen! Haftungsausschluss Der Autor \u00fcbernimmt keinerlei Gew\u00e4hr hinsichtlich der inhaltlichen Richtigkeit, Genauigkeit, Aktualit\u00e4t, Zuverl\u00e4ssigkeit und Vollst\u00e4ndigkeit der Informationen. Haftungsanspr\u00fcche gegen","og_url":"https:\/\/www.princess.ch\/blog\/impressum\/","og_site_name":"Reiseblog &amp; Food-Blog aus der Schweiz - princess.ch","article_publisher":"http:\/\/facebook.com\/princess.schweiz","article_modified_time":"2020-01-25T15:12:56+00:00","og_image":[{"width":2600,"height":1733,"url":"https:\/\/www.princess.ch\/blog\/wp-content\/uploads\/2018\/09\/Kanada-Roadtrip-British-Columbia-28.jpg","type":"image\/jpeg"}],"twitter_card":"summary_large_image","twitter_site":"@princessCH","twitter_misc":{"Gesch\u00e4tzte Lesezeit":"1\u00a0Minute"},"schema":{"@context":"https:\/\/schema.org","@graph":[{"@type":"WebPage","@id":"https:\/\/www.princess.ch\/blog\/impressum\/","url":"https:\/\/www.princess.ch\/blog\/impressum\/","name":"Impressum - Reiseblog &amp; Food-Blog aus der Schweiz - princess.ch","isPartOf":{"@id":"https:\/\/www.princess.ch\/blog\/#website"},"primaryImageOfPage":{"@id":"https:\/\/www.princess.ch\/blog\/impressum\/#primaryimage"},"image":{"@id":"https:\/\/www.princess.ch\/blog\/impressum\/#primaryimage"},"thumbnailUrl":"https:\/\/www.princess.ch\/blog\/wp-content\/uploads\/2018\/09\/Kanada-Roadtrip-British-Columbia-28.jpg","datePublished":"2012-03-11T13:13:44+00:00","dateModified":"2020-01-25T15:12:56+00:00","breadcrumb":{"@id":"https:\/\/www.princess.ch\/blog\/impressum\/#breadcrumb"},"inLanguage":"de","potentialAction":[{"@type":"ReadAction","target":["https:\/\/www.princess.ch\/blog\/impressum\/"]}]},{"@type":"ImageObject","inLanguage":"de","@id":"https:\/\/www.princess.ch\/blog\/impressum\/#primaryimage","url":"https:\/\/www.princess.ch\/blog\/wp-content\/uploads\/2018\/09\/Kanada-Roadtrip-British-Columbia-28.jpg","contentUrl":"https:\/\/www.princess.ch\/blog\/wp-content\/uploads\/2018\/09\/Kanada-Roadtrip-British-Columbia-28.jpg","width":2600,"height":1733},{"@type":"BreadcrumbList","@id":"https:\/\/www.princess.ch\/blog\/impressum\/#breadcrumb","itemListElement":[{"@type":"ListItem","position":1,"name":"Startseite","item":"https:\/\/www.princess.ch\/blog\/"},{"@type":"ListItem","position":2,"name":"Impressum"}]},{"@type":"WebSite","@id":"https:\/\/www.princess.ch\/blog\/#website","url":"https:\/\/www.princess.ch\/blog\/","name":"Reiseblog &amp; Food-Blog aus der Schweiz - princess.ch","description":"","publisher":{"@id":"https:\/\/www.princess.ch\/blog\/#organization"},"potentialAction":[{"@type":"SearchAction","target":{"@type":"EntryPoint","urlTemplate":"https:\/\/www.princess.ch\/blog\/?s={search_term_string}"},"query-input":{"@type":"PropertyValueSpecification","valueRequired":true,"valueName":"search_term_string"}}],"inLanguage":"de"},{"@type":"Organization","@id":"https:\/\/www.princess.ch\/blog\/#organization","name":"princess.ch","url":"https:\/\/www.princess.ch\/blog\/","logo":{"@type":"ImageObject","inLanguage":"de","@id":"https:\/\/www.princess.ch\/blog\/#\/schema\/logo\/image\/","url":"https:\/\/www.princess.ch\/blog\/wp-content\/uploads\/2017\/03\/Blog_logo_PRINCESS_v3.png","contentUrl":"https:\/\/www.princess.ch\/blog\/wp-content\/uploads\/2017\/03\/Blog_logo_PRINCESS_v3.png","width":526,"height":250,"caption":"princess.ch"},"image":{"@id":"https:\/\/www.princess.ch\/blog\/#\/schema\/logo\/image\/"},"sameAs":["http:\/\/facebook.com\/princess.schweiz","https:\/\/x.com\/princessCH","https:\/\/www.instagram.com\/princess_ch\/","https:\/\/www.pinterest.com\/princessch\/","https:\/\/www.youtube.com\/c\/PrincessCh"]}]}},"jetpack_sharing_enabled":false,"jetpack_shortlink":"https:\/\/wp.me\/P2Cb1a-pj","_links":{"self":[{"href":"https:\/\/www.princess.ch\/blog\/wp-json\/wp\/v2\/pages\/1569","targetHints":{"allow":["GET"]}}],"collection":[{"href":"https:\/\/www.princess.ch\/blog\/wp-json\/wp\/v2\/pages"}],"about":[{"href":"https:\/\/www.princess.ch\/blog\/wp-json\/wp\/v2\/types\/page"}],"author":[{"embeddable":true,"href":"https:\/\/www.princess.ch\/blog\/wp-json\/wp\/v2\/users\/1"}],"replies":[{"embeddable":true,"href":"https:\/\/www.princess.ch\/blog\/wp-json\/wp\/v2\/comments?post=1569"}],"version-history":[{"count":11,"href":"https:\/\/www.princess.ch\/blog\/wp-json\/wp\/v2\/pages\/1569\/revisions"}],"predecessor-version":[{"id":28771,"href":"https:\/\/www.princess.ch\/blog\/wp-json\/wp\/v2\/pages\/1569\/revisions\/28771"}],"wp:featuredmedia":[{"embeddable":true,"href":"https:\/\/www.princess.ch\/blog\/wp-json\/wp\/v2\/media\/20561"}],"wp:attachment":[{"href":"https:\/\/www.princess.ch\/blog\/wp-json\/wp\/v2\/media?parent=1569"}],"curies":[{"name":"wp","href":"https:\/\/api.w.org\/{rel}","templated":true}]}}